{"id":8,"date":"2023-10-26T20:00:01","date_gmt":"2023-10-26T20:00:01","guid":{"rendered":"https:\/\/korrflex.com\/?page_id=8"},"modified":"2024-02-01T18:31:29","modified_gmt":"2024-02-01T18:31:29","slug":"home","status":"publish","type":"page","link":"https:\/\/korrflex.com\/","title":{"rendered":"Home"},"content":{"rendered":"\n<div class=\"wp-block-cover alignfull is-light\" style=\"min-height:700px\"><span aria-hidden=\"true\" class=\"wp-block-cover__background has-background-dim-0 has-background-dim\"><\/span><img loading=\"lazy\" decoding=\"async\" width=\"1024\" height=\"683\" class=\"wp-block-cover__image-background wp-image-42\" alt=\"\" src=\"https:\/\/korrflex.com\/wp-content\/uploads\/2023\/10\/image.jpeg\" style=\"object-position:73% 66%\" data-object-fit=\"cover\" data-object-position=\"73% 66%\" srcset=\"https:\/\/korrflex.com\/wp-content\/uploads\/2023\/10\/image.jpeg 1024w, https:\/\/korrflex.com\/wp-content\/uploads\/2023\/10\/image-300x200.jpeg 300w, https:\/\/korrflex.com\/wp-content\/uploads\/2023\/10\/image-768x512.jpeg 768w, https:\/\/korrflex.com\/wp-content\/uploads\/2023\/10\/image-930x620.jpeg 930w\" sizes=\"(max-width: 1024px) 100vw, 1024px\" \/><div class=\"wp-block-cover__inner-container is-layout-flow wp-block-cover-is-layout-flow\">\n<div style=\"height:80px\" aria-hidden=\"true\" class=\"wp-block-spacer\"><\/div>\n\n\n\n<h1 class=\"wp-block-heading has-text-align-left has-text-color\" style=\"color:#121212\">Korrflex Kft, <\/h1>\n\n\n\n<h1 class=\"wp-block-heading has-text-align-center has-text-color has-large-font-size\" style=\"color:#121212\">Rozsdamentes t\u00e1blagy\u00e1rt\u00e1s <\/h1>\n\n\n\n<h1 class=\"wp-block-heading has-text-align-right has-text-color has-large-font-size\" style=\"color:#121212\">Korrekten, Flexibilisen!<\/h1>\n\n\n\n<p class=\"has-text-align-center has-text-color\" style=\"color:#121212;font-size:17px\">C\u00e9g\u00fcnk 1997 \u00f3ta foglalkozik rozsdamentes t\u00e1bl\u00e1k gy\u00e1rt\u00e1s\u00e1val, savmaratott elj\u00e1r\u00e1ssal.<\/p>\n\n\n\n<div class=\"wp-block-buttons is-content-justification-center is-layout-flex wp-container-core-buttons-layout-1 wp-block-buttons-is-layout-flex\">\n<div class=\"wp-block-button is-style-primary\"><a class=\"wp-block-button__link wp-element-button\" href=\"https:\/\/korrflex.com\/index.php\/about\/\">Kapcsolat<\/a><\/div>\n\n\n\n<div class=\"wp-block-button is-style-secondary\"><a class=\"wp-block-button__link wp-element-button\" href=\"https:\/\/korrflex.com\/index.php\/project-details\/\">F\u0151bb term\u00e9keink<\/a><\/div>\n<\/div>\n\n\n\n<div style=\"height:80px\" aria-hidden=\"true\" class=\"wp-block-spacer\"><\/div>\n\n\n\n<div style=\"height:80px\" aria-hidden=\"true\" class=\"wp-block-spacer\"><\/div>\n\n\n\n<p><\/p>\n<\/div><\/div>\n\n\n\n<div class=\"wp-block-columns is-layout-flex wp-container-core-columns-layout-1 wp-block-columns-is-layout-flex\">\n<div class=\"wp-block-column is-layout-flow wp-block-column-is-layout-flow\"><div class=\"wp-block-image is-resized icon-style is-style-default\">\n<figure class=\"aligncenter\"><img decoding=\"async\" src=\"https:\/\/korrflex.com\/wp-content\/themes\/neve\/assets\/img\/starter-content\/icon-03.svg\" alt=\"\"\/><\/figure><\/div>\n\n\n<div style=\"height:20px\" aria-hidden=\"true\" class=\"wp-block-spacer\"><\/div>\n\n\n\n<h3 class=\"wp-block-heading has-text-align-center has-neve-text-color-color has-text-color\">Korrekt \u00e1ron<\/h3>\n\n\n\n<p class=\"has-text-align-center\">Nincs extra profit vagy rejtett k\u00f6lts\u00e9gek.<\/p>\n\n\n\n<div style=\"height:20px\" aria-hidden=\"true\" class=\"wp-block-spacer\"><\/div>\n<\/div>\n\n\n\n<div class=\"wp-block-column is-layout-flow wp-block-column-is-layout-flow\"><div class=\"wp-block-image is-resized icon-style is-style-default\">\n<figure class=\"aligncenter\"><img decoding=\"async\" src=\"https:\/\/korrflex.com\/wp-content\/themes\/neve\/assets\/img\/starter-content\/icon-02.svg\" alt=\"\"\/><\/figure><\/div>\n\n\n<div style=\"height:20px\" aria-hidden=\"true\" class=\"wp-block-spacer\"><\/div>\n\n\n\n<h3 class=\"wp-block-heading has-text-align-center has-neve-text-color-color has-text-color\">J\u00f3 min\u0151s\u00e9gben<\/h3>\n\n\n\n<p class=\"has-text-align-center\">T\u00e1bl\u00e1ink ellen\u00e1llnak az id\u0151j\u00e1r\u00e1s viszontags\u00e1gainak vagy \u00e9ppen a koptat\u00f3 hat\u00e1soknak.<\/p>\n\n\n\n<div style=\"height:20px\" aria-hidden=\"true\" class=\"wp-block-spacer\"><\/div>\n<\/div>\n\n\n\n<div class=\"wp-block-column is-layout-flow wp-block-column-is-layout-flow\"><div class=\"wp-block-image is-resized icon-style is-style-rounded\">\n<figure class=\"aligncenter\"><img decoding=\"async\" src=\"https:\/\/korrflex.com\/wp-content\/themes\/neve\/assets\/img\/starter-content\/icon-01.svg\" alt=\"\"\/><\/figure><\/div>\n\n\n<div style=\"height:20px\" aria-hidden=\"true\" class=\"wp-block-spacer\"><\/div>\n\n\n\n<h3 class=\"wp-block-heading has-text-align-center has-neve-text-color-color has-text-color\">Flexibilisen<\/h3>\n\n\n\n<p class=\"has-text-align-center\">Term\u00e9keinket 100%-ban vev\u0151ink ig\u00e9nyeihez alak\u00edtjuk.<\/p>\n\n\n\n<div style=\"height:20px\" aria-hidden=\"true\" class=\"wp-block-spacer\"><\/div>\n<\/div>\n<\/div>\n","protected":false},"excerpt":{"rendered":"<p>Korrekt \u00e1ron Nincs extra profit vagy rejtett k\u00f6lts\u00e9gek. J\u00f3 min\u0151s\u00e9gben T\u00e1bl\u00e1ink ellen\u00e1llnak az id\u0151j\u00e1r\u00e1s viszontags\u00e1gainak vagy \u00e9ppen a koptat\u00f3 hat\u00e1soknak. Flexibilisen Term\u00e9keinket 100%-ban vev\u0151ink ig\u00e9nyeihez alak\u00edtjuk.<\/p>\n","protected":false},"author":1,"featured_media":15,"parent":0,"menu_order":0,"comment_status":"closed","ping_status":"closed","template":"","meta":{"neve_meta_sidebar":"","neve_meta_container":"","neve_meta_enable_content_width":"on","neve_meta_content_width":100,"neve_meta_title_alignment":"","neve_meta_author_avatar":"","neve_post_elements_order":"","neve_meta_disable_header":"","neve_meta_disable_footer":"","neve_meta_disable_title":"on","footnotes":""},"_links":{"self":[{"href":"https:\/\/korrflex.com\/index.php\/wp-json\/wp\/v2\/pages\/8"}],"collection":[{"href":"https:\/\/korrflex.com\/index.php\/wp-json\/wp\/v2\/pages"}],"about":[{"href":"https:\/\/korrflex.com\/index.php\/wp-json\/wp\/v2\/types\/page"}],"author":[{"embeddable":true,"href":"https:\/\/korrflex.com\/index.php\/wp-json\/wp\/v2\/users\/1"}],"replies":[{"embeddable":true,"href":"https:\/\/korrflex.com\/index.php\/wp-json\/wp\/v2\/comments?post=8"}],"version-history":[{"count":17,"href":"https:\/\/korrflex.com\/index.php\/wp-json\/wp\/v2\/pages\/8\/revisions"}],"predecessor-version":[{"id":96,"href":"https:\/\/korrflex.com\/index.php\/wp-json\/wp\/v2\/pages\/8\/revisions\/96"}],"wp:featuredmedia":[{"embeddable":true,"href":"https:\/\/korrflex.com\/index.php\/wp-json\/wp\/v2\/media\/15"}],"wp:attachment":[{"href":"https:\/\/korrflex.com\/index.php\/wp-json\/wp\/v2\/media?parent=8"}],"curies":[{"name":"wp","href":"https:\/\/api.w.org\/{rel}","templated":true}]}}